{"id":16,"date":"2024-04-24T13:48:24","date_gmt":"2024-04-24T13:48:24","guid":{"rendered":"https:\/\/eliise-pastry.ee\/?page_id=16"},"modified":"2025-11-05T10:42:56","modified_gmt":"2025-11-05T10:42:56","slug":"endast","status":"publish","type":"page","link":"https:\/\/eliise-pastry.ee\/en\/endast\/","title":{"rendered":"About"},"content":{"rendered":"<div data-elementor-type=\"wp-page\" data-elementor-id=\"16\" class=\"elementor elementor-16\" data-elementor-post-type=\"page\">\n\t\t\t\t<div class=\"elementor-element elementor-element-dda1030 e-flex e-con-boxed e-con e-parent\" data-id=\"dda1030\" data-element_type=\"container\" data-e-type=\"container\" data-settings=\"{&quot;background_background&quot;:&quot;classic&quot;}\">\n\t\t\t\t\t<div class=\"e-con-inner\">\n\t\t\t\t<div class=\"elementor-element elementor-element-30fe75d elementor-widget elementor-widget-menu-anchor\" data-id=\"30fe75d\" data-element_type=\"widget\" data-e-type=\"widget\" data-widget_type=\"menu-anchor.default\">\n\t\t\t\t<div class=\"elementor-widget-container\">\n\t\t\t\t\t\t\t<div class=\"elementor-menu-anchor\" id=\"go2top2\"><\/div>\n\t\t\t\t\t\t<\/div>\n\t\t\t\t<\/div>\n\t\t\t\t<div class=\"elementor-element elementor-element-ad936a0 elementor-invisible elementor-widget elementor-widget-heading\" data-id=\"ad936a0\" data-element_type=\"widget\" data-e-type=\"widget\" data-settings=\"{&quot;_animation&quot;:&quot;fadeInLeft&quot;}\" data-widget_type=\"heading.default\">\n\t\t\t\t<div class=\"elementor-widget-container\">\n\t\t\t\t\t<h1 class=\"elementor-heading-title elementor-size-default\">About<\/h1>\t\t\t\t<\/div>\n\t\t\t\t<\/div>\n\t\t\t\t<div class=\"elementor-element elementor-element-c3a4112 elementor-fixed elementor-hidden-tablet elementor-hidden-mobile elementor-view-default elementor-widget elementor-widget-icon\" data-id=\"c3a4112\" data-element_type=\"widget\" data-e-type=\"widget\" data-settings=\"{&quot;_position&quot;:&quot;fixed&quot;}\" data-widget_type=\"icon.default\">\n\t\t\t\t<div class=\"elementor-widget-container\">\n\t\t\t\t\t\t\t<div class=\"elementor-icon-wrapper\">\n\t\t\t<a class=\"elementor-icon\" href=\"#go2top2\">\n\t\t\t<svg aria-hidden=\"true\" class=\"e-font-icon-svg e-fas-arrow-up\" viewbox=\"0 0 448 512\" xmlns=\"http:\/\/www.w3.org\/2000\/svg\"><path d=\"M34.9 289.5l-22.2-22.2c-9.4-9.4-9.4-24.6 0-33.9L207 39c9.4-9.4 24.6-9.4 33.9 0l194.3 194.3c9.4 9.4 9.4 24.6 0 33.9L413 289.4c-9.5 9.5-25 9.3-34.3-.4L264 168.6V456c0 13.3-10.7 24-24 24h-32c-13.3 0-24-10.7-24-24V168.6L69.2 289.1c-9.3 9.8-24.8 10-34.3.4z\"><\/path><\/svg>\t\t\t<\/a>\n\t\t<\/div>\n\t\t\t\t\t\t<\/div>\n\t\t\t\t<\/div>\n\t\t\t\t\t<\/div>\n\t\t\t\t<\/div>\n\t\t<div class=\"elementor-element elementor-element-1580c93 e-flex e-con-boxed e-con e-parent\" data-id=\"1580c93\" data-element_type=\"container\" data-e-type=\"container\" data-settings=\"{&quot;background_background&quot;:&quot;classic&quot;}\">\n\t\t\t\t\t<div class=\"e-con-inner\">\n\t\t<div class=\"elementor-element elementor-element-9e75e54 e-con-full e-flex elementor-invisible e-con e-child\" data-id=\"9e75e54\" data-element_type=\"container\" data-e-type=\"container\" data-settings=\"{&quot;animation&quot;:&quot;fadeIn&quot;}\">\n\t\t<div class=\"elementor-element elementor-element-ed61885 e-con-full e-flex e-con e-child\" data-id=\"ed61885\" data-element_type=\"container\" data-e-type=\"container\">\n\t\t\t\t<div class=\"elementor-element elementor-element-ded8ac0 elementor-widget elementor-widget-text-editor\" data-id=\"ded8ac0\" data-element_type=\"widget\" data-e-type=\"widget\" data-widget_type=\"text-editor.default\">\n\t\t\t\t<div class=\"elementor-widget-container\">\n\t\t\t\t\t\t\t\t\t<p><em>I had dreamed of becoming a chef since I was a child. From an early age, I have been baking and experimenting with different methods and inventing new recipes myself. I always liked watching cooking shows and occasionally I used to write down recipes that were featured on the show. The goal and objectives were clear from an early age \u2013 in the future I would become a chef.<\/em><\/p>\t\t\t\t\t\t\t\t<\/div>\n\t\t\t\t<\/div>\n\t\t\t\t<\/div>\n\t\t\t\t<\/div>\n\t\t<div class=\"elementor-element elementor-element-6459883 e-con-full e-flex e-con e-child\" data-id=\"6459883\" data-element_type=\"container\" data-e-type=\"container\" data-settings=\"{&quot;animation&quot;:&quot;none&quot;}\">\n\t\t<div class=\"elementor-element elementor-element-8434786 e-con-full e-flex elementor-invisible e-con e-child\" data-id=\"8434786\" data-element_type=\"container\" data-e-type=\"container\" data-settings=\"{&quot;animation&quot;:&quot;fadeIn&quot;}\">\n\t\t\t\t<div class=\"elementor-element elementor-element-71f3f03 elementor-widget elementor-widget-text-editor\" data-id=\"71f3f03\" data-element_type=\"widget\" data-e-type=\"widget\" data-widget_type=\"text-editor.default\">\n\t\t\t\t<div class=\"elementor-widget-container\">\n\t\t\t\t\t\t\t\t\t<p>While working in the kitchen, the dessert section was the most appealing to me, because there I could be a baker, pastry chef and cook, or \"three in one\". I worked as a dessert chef at the \"Juur\" Restaurant in Tallinn. During that time I decided to study further as a dessert chef at the Tallinn School of Service.<\/p><p>Upon graduation, our group had the opportunity to go abroad for further training, which I decided to undertake. After filling out the applications, I had to decide which country I would like to go to, and in the end, the decision fell in favor of Belgium. I had dreamed that one day I would have the opportunity to work in the kitchen of a top-class restaurant. I ended up at a two-Michelin-starred restaurant called La Source, in a small town of Lananken, which was located on the Belgium-Dutch border. Through the program, I acquired additional skills of a dessert chef.<\/p>\t\t\t\t\t\t\t\t<\/div>\n\t\t\t\t<\/div>\n\t\t\t\t<\/div>\n\t\t<div class=\"elementor-element elementor-element-fe754fb e-con-full e-flex elementor-invisible e-con e-child\" data-id=\"fe754fb\" data-element_type=\"container\" data-e-type=\"container\" data-settings=\"{&quot;background_background&quot;:&quot;classic&quot;,&quot;animation&quot;:&quot;fadeInRight&quot;}\">\n\t\t\t\t<\/div>\n\t\t\t\t<\/div>\n\t\t<div class=\"elementor-element elementor-element-235a438 e-con-full e-flex e-con e-child\" data-id=\"235a438\" data-element_type=\"container\" data-e-type=\"container\">\n\t\t<div class=\"elementor-element elementor-element-c5cda97 e-con-full elementor-hidden-mobile e-flex elementor-invisible e-con e-child\" data-id=\"c5cda97\" data-element_type=\"container\" data-e-type=\"container\" data-settings=\"{&quot;background_background&quot;:&quot;classic&quot;,&quot;animation&quot;:&quot;fadeInLeft&quot;}\">\n\t\t\t\t<\/div>\n\t\t<div class=\"elementor-element elementor-element-eab3078 e-con-full e-flex e-con e-child\" data-id=\"eab3078\" data-element_type=\"container\" data-e-type=\"container\">\n\t\t\t\t<div class=\"elementor-element elementor-element-de7bda7 elementor-invisible elementor-widget elementor-widget-text-editor\" data-id=\"de7bda7\" data-element_type=\"widget\" data-e-type=\"widget\" data-settings=\"{&quot;_animation&quot;:&quot;fadeIn&quot;}\" data-widget_type=\"text-editor.default\">\n\t\t\t\t<div class=\"elementor-widget-container\">\n\t\t\t\t\t\t\t\t\t<p>Entrepreneurial spirit has been with me since childhood. The first bigger venture happened when I was 11 years old and I decided to start raising rabbits. At first, I tried to sell young rabbits on, but it did not work out all that well. I had to rethink and raise the rabbits for meat. The market was good for selling meat and the demand turned out to be greater than the supply. I raised rabbits for about six years.\u00a0<\/p><p>In the fall of 2021, I decided that I needed to study entrepreneurship in more depth in order to understand the principles of starting and operating a business. I enrolled in the Local Business major at the Tallinn School of Economics, which lasted two years. That's where I got a more thorough foundation for my current venture. I gathered more courage and a year after graduating, I created my own company, Eliise Pastry, at the beginning of 2024. All recipes are created by me - all through experimentation. By creating Eliise Pastry, I fulfilled one of my big childhood dreams.\u00a0<\/p>\t\t\t\t\t\t\t\t<\/div>\n\t\t\t\t<\/div>\n\t\t<div class=\"elementor-element elementor-element-55cde7e e-con-full elementor-hidden-desktop elementor-hidden-tablet e-flex elementor-invisible e-con e-child\" data-id=\"55cde7e\" data-element_type=\"container\" data-e-type=\"container\" data-settings=\"{&quot;background_background&quot;:&quot;classic&quot;,&quot;animation&quot;:&quot;fadeIn&quot;}\">\n\t\t\t\t<\/div>\n\t\t\t\t<\/div>\n\t\t\t\t<\/div>\n\t\t<div class=\"elementor-element elementor-element-9e0ff11 e-con-full e-flex e-con e-child\" data-id=\"9e0ff11\" data-element_type=\"container\" data-e-type=\"container\">\n\t\t\t\t<div class=\"elementor-element elementor-element-7746d62 elementor-invisible elementor-widget elementor-widget-text-editor\" data-id=\"7746d62\" data-element_type=\"widget\" data-e-type=\"widget\" data-settings=\"{&quot;_animation&quot;:&quot;fadeIn&quot;}\" data-widget_type=\"text-editor.default\">\n\t\t\t\t<div class=\"elementor-widget-container\">\n\t\t\t\t\t\t\t\t\t<p>Our goal in the coming years is to offer locally made bakery and pastry products, as well as desserts made from local ingredients, at fairs and events in various locations. To do this, we use our own <i>pop-up<\/i> tent, where we will place our mobile workshop. From autumn we would like to offer a catering service, both for private and business customers, and we will create the opportunity to order bakery and confectionery products. We deliver within Estonia by courier (courier fee will be added). If you wish, you can also pick up the orders yourself. Out of season, we operate in the Pirita\/Viimsi area near Tallinn, during the fair season we can currently be found mainly in Saaremaa and Western Estonia.<\/p><p>Take a closer look at our menu <a href=\"https:\/\/eliise-pastry.ee\/menuu\/\"><em>here<\/em><\/a> and look up our <a href=\"https:\/\/eliise-pastry.ee\/2025-aasta-urituste-graafik-2\/\"><em>event schedule for 2025<\/em><\/a>.<\/p>\t\t\t\t\t\t\t\t<\/div>\n\t\t\t\t<\/div>\n\t\t\t\t<\/div>\n\t\t<div class=\"elementor-element elementor-element-6689dcb elementor-hidden-desktop elementor-hidden-tablet elementor-hidden-mobile e-con-full e-flex e-con e-child\" data-id=\"6689dcb\" data-element_type=\"container\" data-e-type=\"container\" data-settings=\"{&quot;background_background&quot;:&quot;classic&quot;}\">\n\t\t\t\t<div class=\"elementor-element elementor-element-446fdbc elementor-widget elementor-widget-html\" data-id=\"446fdbc\" data-element_type=\"widget\" data-e-type=\"widget\" data-widget_type=\"html.default\">\n\t\t\t\t<div class=\"elementor-widget-container\">\n\t\t\t\t\t<script src=\"https:\/\/code.jquery.com\/jquery-3.6.0.min.js\"><\/script>\n<script>\n\n\/\/You can replace offset value from here\nvar offset = 300\n\n$(window).on('load scroll', function(){\n    \n    if( $(window).scrollTop() > offset ){\n        $('body').addClass('show')\n    }else{\n        $('body').removeClass('show')\n    }\n})\n\n<\/script>\t\t\t\t<\/div>\n\t\t\t\t<\/div>\n\t\t\t\t<\/div>\n\t\t\t\t\t<\/div>\n\t\t\t\t<\/div>\n\t\t\t\t<\/div>","protected":false},"excerpt":{"rendered":"<p>Endast Juba lapsest saati unistasin saada kokaks. Varajasest noorusest alates olen k\u00fcpsetanud ja katsetanud erinevaid meetodeid ning ise leiutanud uusi retsepte. Meeldis alati kokandus saateid vaadata ja aeg-ajalt kirja panna retsepte, mis parasjagu saates kajastatud olid. Siht ja eesm\u00e4rgid olid varakult silme ees &#8211; tulevikus saab minust kokk. K\u00f6\u00f6gis t\u00f6\u00f6tades k\u00f6itis k\u00f5ige rohkem desserdi sektsioon, [&hellip;]<\/p>\n","protected":false},"author":1,"featured_media":0,"parent":0,"menu_order":0,"comment_status":"closed","ping_status":"closed","template":"elementor_header_footer","meta":{"footnotes":""},"class_list":["post-16","page","type-page","status-publish","hentry"],"_links":{"self":[{"href":"https:\/\/eliise-pastry.ee\/en\/wp-json\/wp\/v2\/pages\/16","targetHints":{"allow":["GET"]}}],"collection":[{"href":"https:\/\/eliise-pastry.ee\/en\/wp-json\/wp\/v2\/pages"}],"about":[{"href":"https:\/\/eliise-pastry.ee\/en\/wp-json\/wp\/v2\/types\/page"}],"author":[{"embeddable":true,"href":"https:\/\/eliise-pastry.ee\/en\/wp-json\/wp\/v2\/users\/1"}],"replies":[{"embeddable":true,"href":"https:\/\/eliise-pastry.ee\/en\/wp-json\/wp\/v2\/comments?post=16"}],"version-history":[{"count":5,"href":"https:\/\/eliise-pastry.ee\/en\/wp-json\/wp\/v2\/pages\/16\/revisions"}],"predecessor-version":[{"id":3261,"href":"https:\/\/eliise-pastry.ee\/en\/wp-json\/wp\/v2\/pages\/16\/revisions\/3261"}],"wp:attachment":[{"href":"https:\/\/eliise-pastry.ee\/en\/wp-json\/wp\/v2\/media?parent=16"}],"curies":[{"name":"wp","href":"https:\/\/api.w.org\/{rel}","templated":true}]}}