{"id":3045,"date":"2025-11-04T15:32:05","date_gmt":"2025-11-04T15:32:05","guid":{"rendered":"https:\/\/eliise-pastry.ee\/?page_id=3045"},"modified":"2025-11-20T14:37:33","modified_gmt":"2025-11-20T12:37:33","slug":"privaatsuspoliitika","status":"publish","type":"page","link":"https:\/\/eliise-pastry.ee\/en\/privaatsuspoliitika\/","title":{"rendered":"Privaatsuspoliitika"},"content":{"rendered":"<div data-elementor-type=\"wp-page\" data-elementor-id=\"3045\" class=\"elementor elementor-3045\" data-elementor-post-type=\"page\">\n\t\t\t\t<div class=\"elementor-element elementor-element-7bd66df7 e-flex e-con-boxed e-con e-parent\" data-id=\"7bd66df7\" data-element_type=\"container\" data-e-type=\"container\" data-settings=\"{&quot;background_background&quot;:&quot;classic&quot;}\">\n\t\t\t\t\t<div class=\"e-con-inner\">\n\t\t\t\t<div class=\"elementor-element elementor-element-e779e9f elementor-widget elementor-widget-heading\" data-id=\"e779e9f\" data-element_type=\"widget\" data-e-type=\"widget\" data-widget_type=\"heading.default\">\n\t\t\t\t<div class=\"elementor-widget-container\">\n\t\t\t\t\t<h1 class=\"elementor-heading-title elementor-size-default\">Privaatsuspoliitika<\/h1>\t\t\t\t<\/div>\n\t\t\t\t<\/div>\n\t\t\t\t\t<\/div>\n\t\t\t\t<\/div>\n\t\t<div class=\"elementor-element elementor-element-511b1f1 e-flex e-con-boxed e-con e-parent\" data-id=\"511b1f1\" data-element_type=\"container\" data-e-type=\"container\" data-settings=\"{&quot;background_background&quot;:&quot;classic&quot;}\">\n\t\t\t\t\t<div class=\"e-con-inner\">\n\t\t\t\t<div class=\"elementor-element elementor-element-ceaed0d elementor-widget elementor-widget-text-editor\" data-id=\"ceaed0d\" data-element_type=\"widget\" data-e-type=\"widget\" data-widget_type=\"text-editor.default\">\n\t\t\t\t<div class=\"elementor-widget-container\">\n\t\t\t\t\t\t\t\t\t<p>Eliise-Pastry O\u00dc privaatsuspoliitika<\/p><p><strong>1. \u00dclds\u00e4tted<\/strong><br \/>Eliise-Pastry O\u00dc (registrikood 16902638) t\u00f6\u00f6tleb isikuandmeid koosk\u00f5las kehtivate \u00f5igusaktidega.<br \/>Andmesubjekt on klient v\u00f5i muu f\u00fc\u00fcsiline isik, kelle andmeid t\u00f6\u00f6deldakse.<br \/><strong><br \/>2. Isikuandmete kogumine<\/strong><br \/>Andmeid kogutakse tellimuse vormistamisel veebipoes, e-posti ja telefoni teel.<br \/>Klient vastutab esitatud andmete \u00f5igsuse eest.<br \/><strong><br \/>3. T\u00f6\u00f6deldavad andmed<\/strong><br \/>&#8211; ees- ja perekonnanimi<br \/>&#8211; telefoninumber<br \/>&#8211; e-posti aadress<br \/>&#8211; tellimuse info (tooted, kuup\u00e4ev, summa)<br \/>&#8211; makseinfo (t\u00f6\u00f6deldakse Everypay kaudu, teenust pakub AS LHV Playtech)<\/p><p><strong>4. \u00d5iguslik alus<\/strong><br \/>Isikuandmeid t\u00f6\u00f6deldakse lepingu t\u00e4itmiseks, seadusest tulenevalt, kliendi n\u00f5usolekul ja<br \/>\u00f5igustatud huvi alusel.<br \/><strong><br \/>5. Eesm\u00e4rgid ja s\u00e4ilitamine<\/strong><br \/>Tellimuste t\u00e4itmine, kliendihaldus, raamatupidamine ja teenuse toimimine.<br \/>Andmeid s\u00e4ilitatakse \u00fcldjuhul kuni 2 aastat, raamatupidamisandmeid kuni 7 aastat.<\/p><p><strong>6. Andmete edastamine<\/strong><br \/>Andmeid v\u00f5idakse edastada AS LHV Playtech-le ja raamatupidajale.<br \/>Andmeid ei edastata kulleritele, kuna tellimused v\u00e4ljastatakse ainult kohapeal.<\/p><p><strong>7. Turvalisus<\/strong><br \/>Andmeid kaitstakse volitamata ligip\u00e4\u00e4su eest tehniliste ja organisatsiooniliste meetmetega.<\/p><p><strong>8. Andmesubjekti \u00f5igused<\/strong><br \/>\u00d5igus tutvuda andmetega, parandada, kustutada, piirata t\u00f6\u00f6tlemist, v\u00f5tta tagasi n\u00f5usolek<br \/>turunduseks ja esitada kaebus Andmekaitse Inspektsioonile.<br \/>Kontakt andmesubjekti \u00f5iguste teostamiseks: pastrychef.eliise@gmail.com<\/p><p><strong>9. Privaatsuspoliitika muutmine<\/strong><br \/>Poliitikat v\u00f5idakse ajakohastada. Kehtiv versioon avaldatakse ettev\u00f5tte veebilehel.<\/p>\t\t\t\t\t\t\t\t<\/div>\n\t\t\t\t<\/div>\n\t\t\t\t\t<\/div>\n\t\t\t\t<\/div>\n\t\t\t\t<\/div>","protected":false},"excerpt":{"rendered":"<p>Privaatsuspoliitika Eliise-Pastry O\u00dc privaatsuspoliitika 1. \u00dclds\u00e4ttedEliise-Pastry O\u00dc (registrikood 16902638) t\u00f6\u00f6tleb isikuandmeid koosk\u00f5las kehtivate \u00f5igusaktidega.Andmesubjekt on klient v\u00f5i muu f\u00fc\u00fcsiline isik, kelle andmeid t\u00f6\u00f6deldakse.2. Isikuandmete kogumineAndmeid kogutakse tellimuse vormistamisel veebipoes, e-posti ja telefoni teel.Klient vastutab esitatud andmete \u00f5igsuse eest.3. T\u00f6\u00f6deldavad andmed&#8211; ees- ja perekonnanimi&#8211; telefoninumber&#8211; e-posti aadress&#8211; tellimuse info (tooted, kuup\u00e4ev, summa)&#8211; makseinfo (t\u00f6\u00f6deldakse Everypay kaudu, [&hellip;]<\/p>\n","protected":false},"author":1,"featured_media":0,"parent":0,"menu_order":0,"comment_status":"closed","ping_status":"closed","template":"elementor_header_footer","meta":{"footnotes":""},"class_list":["post-3045","page","type-page","status-publish","hentry"],"_links":{"self":[{"href":"https:\/\/eliise-pastry.ee\/en\/wp-json\/wp\/v2\/pages\/3045","targetHints":{"allow":["GET"]}}],"collection":[{"href":"https:\/\/eliise-pastry.ee\/en\/wp-json\/wp\/v2\/pages"}],"about":[{"href":"https:\/\/eliise-pastry.ee\/en\/wp-json\/wp\/v2\/types\/page"}],"author":[{"embeddable":true,"href":"https:\/\/eliise-pastry.ee\/en\/wp-json\/wp\/v2\/users\/1"}],"replies":[{"embeddable":true,"href":"https:\/\/eliise-pastry.ee\/en\/wp-json\/wp\/v2\/comments?post=3045"}],"version-history":[{"count":5,"href":"https:\/\/eliise-pastry.ee\/en\/wp-json\/wp\/v2\/pages\/3045\/revisions"}],"predecessor-version":[{"id":3787,"href":"https:\/\/eliise-pastry.ee\/en\/wp-json\/wp\/v2\/pages\/3045\/revisions\/3787"}],"wp:attachment":[{"href":"https:\/\/eliise-pastry.ee\/en\/wp-json\/wp\/v2\/media?parent=3045"}],"curies":[{"name":"wp","href":"https:\/\/api.w.org\/{rel}","templated":true}]}}