{"id":54,"date":"2024-11-27T17:58:06","date_gmt":"2024-11-27T17:58:06","guid":{"rendered":"https:\/\/eliise-pastry.ee\/?page_id=54"},"modified":"2025-11-13T16:51:36","modified_gmt":"2025-11-13T14:51:36","slug":"koostoo","status":"publish","type":"page","link":"https:\/\/eliise-pastry.ee\/en\/koostoo\/","title":{"rendered":"Partners"},"content":{"rendered":"<div data-elementor-type=\"wp-page\" data-elementor-id=\"54\" class=\"elementor elementor-54\" data-elementor-post-type=\"page\">\n\t\t\t\t<div class=\"elementor-element elementor-element-a65982e e-flex e-con-boxed e-con e-parent\" data-id=\"a65982e\" data-element_type=\"container\" data-e-type=\"container\" data-settings=\"{&quot;background_background&quot;:&quot;classic&quot;}\">\n\t\t\t\t\t<div class=\"e-con-inner\">\n\t\t\t\t<div class=\"elementor-element elementor-element-4d1848b elementor-invisible elementor-widget elementor-widget-heading\" data-id=\"4d1848b\" data-element_type=\"widget\" data-e-type=\"widget\" data-settings=\"{&quot;_animation&quot;:&quot;fadeInLeft&quot;}\" data-widget_type=\"heading.default\">\n\t\t\t\t<div class=\"elementor-widget-container\">\n\t\t\t\t\t<h1 class=\"elementor-heading-title elementor-size-default\">Partners<\/h1>\t\t\t\t<\/div>\n\t\t\t\t<\/div>\n\t\t\t\t\t<\/div>\n\t\t\t\t<\/div>\n\t\t<div class=\"elementor-element elementor-element-44601b5 e-flex e-con-boxed e-con e-parent\" data-id=\"44601b5\" data-element_type=\"container\" data-e-type=\"container\" data-settings=\"{&quot;background_background&quot;:&quot;classic&quot;}\">\n\t\t\t\t\t<div class=\"e-con-inner\">\n\t\t<div class=\"elementor-element elementor-element-7bc53ae e-con-full e-flex e-con e-child\" data-id=\"7bc53ae\" data-element_type=\"container\" data-e-type=\"container\">\n\t\t<div class=\"elementor-element elementor-element-3223783 e-con-full e-flex elementor-invisible e-con e-child\" data-id=\"3223783\" data-element_type=\"container\" data-e-type=\"container\" data-settings=\"{&quot;animation&quot;:&quot;fadeIn&quot;}\">\n\t\t\t\t<div class=\"elementor-element elementor-element-2b0a70e elementor-widget elementor-widget-text-editor\" data-id=\"2b0a70e\" data-element_type=\"widget\" data-e-type=\"widget\" data-widget_type=\"text-editor.default\">\n\t\t\t\t<div class=\"elementor-widget-container\">\n\t\t\t\t\t\t\t\t\t<p>Now that we have opened our permanent bakery (early November 2025), we will soon announce all business cooperation opportunities.<\/p><p>More details coming soon.<\/p>\t\t\t\t\t\t\t\t<\/div>\n\t\t\t\t<\/div>\n\t\t\t\t<\/div>\n\t\t\t\t<\/div>\n\t\t\t\t\t<\/div>\n\t\t\t\t<\/div>\n\t\t\t\t<\/div>","protected":false},"excerpt":{"rendered":"<p>Koost\u00f6\u00f6 N\u00fc\u00fcd, mil oleme avanud oma p\u00fcsiva pagari t\u00f6\u00f6koja (novembri algus 2025), teeme peagi teatavaks ka k\u00f5ik \u00e4rialased koost\u00f6\u00f6 v\u00f5imalused. T\u00e4psemad detailid avaldame peatselt.<\/p>","protected":false},"author":1,"featured_media":0,"parent":0,"menu_order":0,"comment_status":"closed","ping_status":"closed","template":"elementor_header_footer","meta":{"footnotes":""},"class_list":["post-54","page","type-page","status-publish","hentry"],"_links":{"self":[{"href":"https:\/\/eliise-pastry.ee\/en\/wp-json\/wp\/v2\/pages\/54","targetHints":{"allow":["GET"]}}],"collection":[{"href":"https:\/\/eliise-pastry.ee\/en\/wp-json\/wp\/v2\/pages"}],"about":[{"href":"https:\/\/eliise-pastry.ee\/en\/wp-json\/wp\/v2\/types\/page"}],"author":[{"embeddable":true,"href":"https:\/\/eliise-pastry.ee\/en\/wp-json\/wp\/v2\/users\/1"}],"replies":[{"embeddable":true,"href":"https:\/\/eliise-pastry.ee\/en\/wp-json\/wp\/v2\/comments?post=54"}],"version-history":[{"count":5,"href":"https:\/\/eliise-pastry.ee\/en\/wp-json\/wp\/v2\/pages\/54\/revisions"}],"predecessor-version":[{"id":3711,"href":"https:\/\/eliise-pastry.ee\/en\/wp-json\/wp\/v2\/pages\/54\/revisions\/3711"}],"wp:attachment":[{"href":"https:\/\/eliise-pastry.ee\/en\/wp-json\/wp\/v2\/media?parent=54"}],"curies":[{"name":"wp","href":"https:\/\/api.w.org\/{rel}","templated":true}]}}