{"id":2251,"date":"2025-10-01T23:01:10","date_gmt":"2025-10-01T23:01:10","guid":{"rendered":"https:\/\/eliise-pastry.ee\/?post_type=product&#038;p=2251"},"modified":"2026-03-16T15:05:57","modified_gmt":"2026-03-16T13:05:57","slug":"teesaiake","status":"publish","type":"product","link":"https:\/\/eliise-pastry.ee\/en\/product\/teesaiake\/","title":{"rendered":"Cottage cheese pastry \"Teesaiake\""},"content":{"rendered":"<p>Klassikaline teesaiake on kohupiimat\u00e4idisega ning tipus asuva &#8220;m\u00fctsiga&#8221; saiake, mis tagab omap\u00e4rase \u00f5hulisuse.<\/p>\n<p><em>Koostis: Kohupiim, suhkur, vaniljesuhkur, muna, apelsinikoor<\/em><\/p>","protected":false},"excerpt":{"rendered":"<p>Teesaiake on klassikaline kohupiima t\u00e4idisega pagaritoode.<\/p>","protected":false},"featured_media":1222,"template":"","meta":[],"product_brand":[],"product_cat":[31],"product_tag":[],"class_list":{"0":"post-2251","1":"product","2":"type-product","3":"status-publish","4":"has-post-thumbnail","6":"product_cat-saiakesed","8":"first","9":"instock","10":"taxable","11":"shipping-taxable","12":"purchasable","13":"product-type-simple"},"_links":{"self":[{"href":"https:\/\/eliise-pastry.ee\/en\/wp-json\/wp\/v2\/product\/2251","targetHints":{"allow":["GET"]}}],"collection":[{"href":"https:\/\/eliise-pastry.ee\/en\/wp-json\/wp\/v2\/product"}],"about":[{"href":"https:\/\/eliise-pastry.ee\/en\/wp-json\/wp\/v2\/types\/product"}],"wp:featuredmedia":[{"embeddable":true,"href":"https:\/\/eliise-pastry.ee\/en\/wp-json\/wp\/v2\/media\/1222"}],"wp:attachment":[{"href":"https:\/\/eliise-pastry.ee\/en\/wp-json\/wp\/v2\/media?parent=2251"}],"wp:term":[{"taxonomy":"product_brand","embeddable":true,"href":"https:\/\/eliise-pastry.ee\/en\/wp-json\/wp\/v2\/product_brand?post=2251"},{"taxonomy":"product_cat","embeddable":true,"href":"https:\/\/eliise-pastry.ee\/en\/wp-json\/wp\/v2\/product_cat?post=2251"},{"taxonomy":"product_tag","embeddable":true,"href":"https:\/\/eliise-pastry.ee\/en\/wp-json\/wp\/v2\/product_tag?post=2251"}],"curies":[{"name":"wp","href":"https:\/\/api.w.org\/{rel}","templated":true}]}}