{"id":2256,"date":"2025-10-02T13:21:26","date_gmt":"2025-10-02T13:21:26","guid":{"rendered":"https:\/\/eliise-pastry.ee\/?post_type=product&#038;p=2256"},"modified":"2026-03-16T15:05:45","modified_gmt":"2026-03-16T13:05:45","slug":"pohla-ounasaiake","status":"publish","type":"product","link":"https:\/\/eliise-pastry.ee\/en\/product\/pohla-ounasaiake\/","title":{"rendered":"Lingonberry-apple cake"},"content":{"rendered":"<p>Kringlilaadne mahlane \u00f5una-pohlat\u00e4idisega suuremat m\u00f5\u00f5tu saiake<\/p>\n<p><em>Koostis: Pohlad, \u00f5unad, kaneel, suhkur, vahukoor, sool, v\u00f5i, r\u00f6stitud maap\u00e4hkel<\/em><\/p>","protected":false},"excerpt":{"rendered":"<p>Teesaiake on klassikaline kohupiima t\u00e4idisega pagaritoode.<\/p>","protected":false},"featured_media":1225,"template":"","meta":[],"product_brand":[],"product_cat":[31],"product_tag":[],"class_list":{"0":"post-2256","1":"product","2":"type-product","3":"status-publish","4":"has-post-thumbnail","6":"product_cat-saiakesed","8":"first","9":"instock","10":"taxable","11":"shipping-taxable","12":"purchasable","13":"product-type-simple"},"_links":{"self":[{"href":"https:\/\/eliise-pastry.ee\/en\/wp-json\/wp\/v2\/product\/2256","targetHints":{"allow":["GET"]}}],"collection":[{"href":"https:\/\/eliise-pastry.ee\/en\/wp-json\/wp\/v2\/product"}],"about":[{"href":"https:\/\/eliise-pastry.ee\/en\/wp-json\/wp\/v2\/types\/product"}],"wp:featuredmedia":[{"embeddable":true,"href":"https:\/\/eliise-pastry.ee\/en\/wp-json\/wp\/v2\/media\/1225"}],"wp:attachment":[{"href":"https:\/\/eliise-pastry.ee\/en\/wp-json\/wp\/v2\/media?parent=2256"}],"wp:term":[{"taxonomy":"product_brand","embeddable":true,"href":"https:\/\/eliise-pastry.ee\/en\/wp-json\/wp\/v2\/product_brand?post=2256"},{"taxonomy":"product_cat","embeddable":true,"href":"https:\/\/eliise-pastry.ee\/en\/wp-json\/wp\/v2\/product_cat?post=2256"},{"taxonomy":"product_tag","embeddable":true,"href":"https:\/\/eliise-pastry.ee\/en\/wp-json\/wp\/v2\/product_tag?post=2256"}],"curies":[{"name":"wp","href":"https:\/\/api.w.org\/{rel}","templated":true}]}}