{"id":2260,"date":"2025-10-02T13:41:05","date_gmt":"2025-10-02T13:41:05","guid":{"rendered":"https:\/\/eliise-pastry.ee\/?post_type=product&#038;p=2260"},"modified":"2026-03-16T15:05:33","modified_gmt":"2026-03-16T13:05:33","slug":"rosina-kaneelisaiake-sokolaadi-voobaga","status":"publish","type":"product","link":"https:\/\/eliise-pastry.ee\/en\/product\/rosina-kaneelisaiake-sokolaadi-voobaga\/","title":{"rendered":"Rosina-kaneelisaiake \u0161okolaadi v\u00f5\u00f5baga"},"content":{"rendered":"<p>Rosina-kaneeli seguga seest ning tumeda \u0161okolaadiga ja p\u00e4hklitega v\u00e4ljast kaetud kringllilaadne suuremat m\u00f5\u00f5tu saiake. \u00dcks klientide suuri lemmikuid!<\/p>\n<p><em>Koostis: rosinad, kaneel, suhkur, v\u00f5i, tume \u0161okolaad, r\u00f6stitud maap\u00e4hkel, vahukoor<\/em><\/p>","protected":false},"excerpt":{"rendered":"<p>Rosina-kaneeli seguga seest ning tumeda \u0161okolaadiga ja p\u00e4hklitega v\u00e4ljast kaetud kringllilaadne suuremat m\u00f5\u00f5tu saiake. \u00dcks klientide suuri lemmikuid! Koostis: rosinad, kaneel, suhkur, v\u00f5i, tume \u0161okolaad, r\u00f6stitud maap\u00e4hkel, vahukoor<\/p>","protected":false},"featured_media":792,"template":"","meta":[],"product_brand":[],"product_cat":[31],"product_tag":[],"class_list":{"0":"post-2260","1":"product","2":"type-product","3":"status-publish","4":"has-post-thumbnail","6":"product_cat-saiakesed","8":"first","9":"instock","10":"taxable","11":"shipping-taxable","12":"purchasable","13":"product-type-simple"},"_links":{"self":[{"href":"https:\/\/eliise-pastry.ee\/en\/wp-json\/wp\/v2\/product\/2260","targetHints":{"allow":["GET"]}}],"collection":[{"href":"https:\/\/eliise-pastry.ee\/en\/wp-json\/wp\/v2\/product"}],"about":[{"href":"https:\/\/eliise-pastry.ee\/en\/wp-json\/wp\/v2\/types\/product"}],"wp:featuredmedia":[{"embeddable":true,"href":"https:\/\/eliise-pastry.ee\/en\/wp-json\/wp\/v2\/media\/792"}],"wp:attachment":[{"href":"https:\/\/eliise-pastry.ee\/en\/wp-json\/wp\/v2\/media?parent=2260"}],"wp:term":[{"taxonomy":"product_brand","embeddable":true,"href":"https:\/\/eliise-pastry.ee\/en\/wp-json\/wp\/v2\/product_brand?post=2260"},{"taxonomy":"product_cat","embeddable":true,"href":"https:\/\/eliise-pastry.ee\/en\/wp-json\/wp\/v2\/product_cat?post=2260"},{"taxonomy":"product_tag","embeddable":true,"href":"https:\/\/eliise-pastry.ee\/en\/wp-json\/wp\/v2\/product_tag?post=2260"}],"curies":[{"name":"wp","href":"https:\/\/api.w.org\/{rel}","templated":true}]}}