{"id":2262,"date":"2025-10-02T13:52:09","date_gmt":"2025-10-02T13:52:09","guid":{"rendered":"https:\/\/eliise-pastry.ee\/?post_type=product&#038;p=2262"},"modified":"2026-03-16T15:05:21","modified_gmt":"2026-03-16T13:05:21","slug":"kreemi-marjakorp","status":"publish","type":"product","link":"https:\/\/eliise-pastry.ee\/en\/product\/kreemi-marjakorp\/","title":{"rendered":"Custard-berry pie"},"content":{"rendered":"<p>Korp on saanud uue ilme! Oma valmistatud keedukreemiga ning marjadega korp sulab suus ning annab tuntud pirukale uue m\u00f5\u00f5tme.<\/p>\n<p><em>Koostis: muna, suhkur, vaniljesuhkur, piim, v\u00f5i, vaarikad, mustad ja punased s\u00f5strad, mustikad<\/em><\/p>","protected":false},"excerpt":{"rendered":"<p>Korp on saanud uue ilme! Oma valmistatud keedukreemiga ning marjadega korp sulab suus ning annab tuntud pirukale uue m\u00f5\u00f5tme. Koostis: muna, suhkur, vaniljesuhkur, piim, v\u00f5i, vaarikad, mustad ja punased s\u00f5strad, mustikad<\/p>","protected":false},"featured_media":793,"template":"","meta":[],"product_brand":[],"product_cat":[31],"product_tag":[],"class_list":{"0":"post-2262","1":"product","2":"type-product","3":"status-publish","4":"has-post-thumbnail","6":"product_cat-saiakesed","8":"first","9":"instock","10":"taxable","11":"shipping-taxable","12":"purchasable","13":"product-type-simple"},"_links":{"self":[{"href":"https:\/\/eliise-pastry.ee\/en\/wp-json\/wp\/v2\/product\/2262","targetHints":{"allow":["GET"]}}],"collection":[{"href":"https:\/\/eliise-pastry.ee\/en\/wp-json\/wp\/v2\/product"}],"about":[{"href":"https:\/\/eliise-pastry.ee\/en\/wp-json\/wp\/v2\/types\/product"}],"wp:featuredmedia":[{"embeddable":true,"href":"https:\/\/eliise-pastry.ee\/en\/wp-json\/wp\/v2\/media\/793"}],"wp:attachment":[{"href":"https:\/\/eliise-pastry.ee\/en\/wp-json\/wp\/v2\/media?parent=2262"}],"wp:term":[{"taxonomy":"product_brand","embeddable":true,"href":"https:\/\/eliise-pastry.ee\/en\/wp-json\/wp\/v2\/product_brand?post=2262"},{"taxonomy":"product_cat","embeddable":true,"href":"https:\/\/eliise-pastry.ee\/en\/wp-json\/wp\/v2\/product_cat?post=2262"},{"taxonomy":"product_tag","embeddable":true,"href":"https:\/\/eliise-pastry.ee\/en\/wp-json\/wp\/v2\/product_tag?post=2262"}],"curies":[{"name":"wp","href":"https:\/\/api.w.org\/{rel}","templated":true}]}}