{"id":2441,"date":"2025-10-14T12:46:27","date_gmt":"2025-10-14T12:46:27","guid":{"rendered":"https:\/\/eliise-pastry.ee\/?post_type=product&#038;p=2441"},"modified":"2026-03-16T15:06:17","modified_gmt":"2026-03-16T13:06:17","slug":"sokolaadi-pahkli-kupsised","status":"publish","type":"product","link":"https:\/\/eliise-pastry.ee\/en\/product\/sokolaadi-pahkli-kupsised\/","title":{"rendered":"\u0161okolaadi-p\u00e4hkli k\u00fcpsised"},"content":{"rendered":"<p><em>Brownie&#8217;t<\/em> meenutavad pehmed k\u00e4sit\u00f6\u00f6 k\u00fcpsised. Suussulavad ja \u0161okolaadilised.<\/p>\n<p><em>Koostis:\u00a0\u00a0<\/em><\/p>","protected":false},"excerpt":{"rendered":"<p>Brownie&#8217;t meenutavad pehmed k\u00e4sit\u00f6\u00f6 k\u00fcpsised. Suussulavad ja \u0161okolaadilised. Koostis:\u00a0\u00a0<\/p>","protected":false},"featured_media":2467,"template":"","meta":[],"product_brand":[],"product_cat":[32],"product_tag":[],"class_list":{"0":"post-2441","1":"product","2":"type-product","3":"status-publish","4":"has-post-thumbnail","6":"product_cat-kasitookupsised","8":"first","9":"instock","10":"taxable","11":"shipping-taxable","12":"purchasable","13":"product-type-simple"},"_links":{"self":[{"href":"https:\/\/eliise-pastry.ee\/en\/wp-json\/wp\/v2\/product\/2441","targetHints":{"allow":["GET"]}}],"collection":[{"href":"https:\/\/eliise-pastry.ee\/en\/wp-json\/wp\/v2\/product"}],"about":[{"href":"https:\/\/eliise-pastry.ee\/en\/wp-json\/wp\/v2\/types\/product"}],"wp:featuredmedia":[{"embeddable":true,"href":"https:\/\/eliise-pastry.ee\/en\/wp-json\/wp\/v2\/media\/2467"}],"wp:attachment":[{"href":"https:\/\/eliise-pastry.ee\/en\/wp-json\/wp\/v2\/media?parent=2441"}],"wp:term":[{"taxonomy":"product_brand","embeddable":true,"href":"https:\/\/eliise-pastry.ee\/en\/wp-json\/wp\/v2\/product_brand?post=2441"},{"taxonomy":"product_cat","embeddable":true,"href":"https:\/\/eliise-pastry.ee\/en\/wp-json\/wp\/v2\/product_cat?post=2441"},{"taxonomy":"product_tag","embeddable":true,"href":"https:\/\/eliise-pastry.ee\/en\/wp-json\/wp\/v2\/product_tag?post=2441"}],"curies":[{"name":"wp","href":"https:\/\/api.w.org\/{rel}","templated":true}]}}