{"id":2471,"date":"2025-10-14T12:54:58","date_gmt":"2025-10-14T12:54:58","guid":{"rendered":"https:\/\/eliise-pastry.ee\/?post_type=product&#038;p=2471"},"modified":"2026-03-16T15:06:28","modified_gmt":"2026-03-16T13:06:28","slug":"valge-sokolaadi-kookose-kupsised","status":"publish","type":"product","link":"https:\/\/eliise-pastry.ee\/en\/product\/valge-sokolaadi-kookose-kupsised\/","title":{"rendered":"Valge \u0161okolaadi-kookose k\u00fcpsised"},"content":{"rendered":"<p>M\u00f5nusalt mahedad ja t\u00e4nu kookosele eksootilisemat laadi k\u00fcpsised.<\/p>\n<p><em>Koostis<\/em>:<\/p>","protected":false},"excerpt":{"rendered":"<p>M\u00f5nusalt mahedad ja t\u00e4nu kookosele eksootilisemat laadi k\u00fcpsised. Koostis:<\/p>","protected":false},"featured_media":2469,"template":"","meta":[],"product_brand":[],"product_cat":[32],"product_tag":[],"class_list":{"0":"post-2471","1":"product","2":"type-product","3":"status-publish","4":"has-post-thumbnail","6":"product_cat-kasitookupsised","8":"first","9":"instock","10":"taxable","11":"shipping-taxable","12":"purchasable","13":"product-type-simple"},"_links":{"self":[{"href":"https:\/\/eliise-pastry.ee\/en\/wp-json\/wp\/v2\/product\/2471","targetHints":{"allow":["GET"]}}],"collection":[{"href":"https:\/\/eliise-pastry.ee\/en\/wp-json\/wp\/v2\/product"}],"about":[{"href":"https:\/\/eliise-pastry.ee\/en\/wp-json\/wp\/v2\/types\/product"}],"wp:featuredmedia":[{"embeddable":true,"href":"https:\/\/eliise-pastry.ee\/en\/wp-json\/wp\/v2\/media\/2469"}],"wp:attachment":[{"href":"https:\/\/eliise-pastry.ee\/en\/wp-json\/wp\/v2\/media?parent=2471"}],"wp:term":[{"taxonomy":"product_brand","embeddable":true,"href":"https:\/\/eliise-pastry.ee\/en\/wp-json\/wp\/v2\/product_brand?post=2471"},{"taxonomy":"product_cat","embeddable":true,"href":"https:\/\/eliise-pastry.ee\/en\/wp-json\/wp\/v2\/product_cat?post=2471"},{"taxonomy":"product_tag","embeddable":true,"href":"https:\/\/eliise-pastry.ee\/en\/wp-json\/wp\/v2\/product_tag?post=2471"}],"curies":[{"name":"wp","href":"https:\/\/api.w.org\/{rel}","templated":true}]}}