{"id":2500,"date":"2025-10-15T08:36:21","date_gmt":"2025-10-15T08:36:21","guid":{"rendered":"https:\/\/eliise-pastry.ee\/?post_type=product&#038;p=2500"},"modified":"2026-03-16T15:04:21","modified_gmt":"2026-03-16T13:04:21","slug":"rukkihelbe-marja-kupsised","status":"publish","type":"product","link":"https:\/\/eliise-pastry.ee\/en\/product\/rukkihelbe-marja-kupsised\/","title":{"rendered":"Rukkihelbe-marja k\u00fcpsised"},"content":{"rendered":"<p>Marjane elamus koosk\u00f5las kodumaise rukkihelbe maitsega.<\/p>\n<p><em>Koostis: v\u00f5i, pruun suhkur, muna, kuivatatud kirsid, j\u00f5hvikad, r\u00f6stitud maap\u00e4hklid, nisujahu, k\u00fcpsetuspulber, sool, vaniljesuhkur<\/em><\/p>","protected":false},"excerpt":{"rendered":"<p>Marjane elamus koosk\u00f5las kodumaise rukkihelbe maitsega. Koostis: v\u00f5i, pruun suhkur, muna, kuivatatud kirsid, j\u00f5hvikad, r\u00f6stitud maap\u00e4hklid, nisujahu, k\u00fcpsetuspulber, sool, vaniljesuhkur<\/p>","protected":false},"featured_media":2446,"template":"","meta":[],"product_brand":[],"product_cat":[32],"product_tag":[],"class_list":{"0":"post-2500","1":"product","2":"type-product","3":"status-publish","4":"has-post-thumbnail","6":"product_cat-kasitookupsised","8":"first","9":"instock","10":"taxable","11":"shipping-taxable","12":"purchasable","13":"product-type-simple"},"_links":{"self":[{"href":"https:\/\/eliise-pastry.ee\/en\/wp-json\/wp\/v2\/product\/2500","targetHints":{"allow":["GET"]}}],"collection":[{"href":"https:\/\/eliise-pastry.ee\/en\/wp-json\/wp\/v2\/product"}],"about":[{"href":"https:\/\/eliise-pastry.ee\/en\/wp-json\/wp\/v2\/types\/product"}],"wp:featuredmedia":[{"embeddable":true,"href":"https:\/\/eliise-pastry.ee\/en\/wp-json\/wp\/v2\/media\/2446"}],"wp:attachment":[{"href":"https:\/\/eliise-pastry.ee\/en\/wp-json\/wp\/v2\/media?parent=2500"}],"wp:term":[{"taxonomy":"product_brand","embeddable":true,"href":"https:\/\/eliise-pastry.ee\/en\/wp-json\/wp\/v2\/product_brand?post=2500"},{"taxonomy":"product_cat","embeddable":true,"href":"https:\/\/eliise-pastry.ee\/en\/wp-json\/wp\/v2\/product_cat?post=2500"},{"taxonomy":"product_tag","embeddable":true,"href":"https:\/\/eliise-pastry.ee\/en\/wp-json\/wp\/v2\/product_tag?post=2500"}],"curies":[{"name":"wp","href":"https:\/\/api.w.org\/{rel}","templated":true}]}}