{"id":2502,"date":"2025-10-15T08:46:53","date_gmt":"2025-10-15T08:46:53","guid":{"rendered":"https:\/\/eliise-pastry.ee\/?post_type=product&#038;p=2502"},"modified":"2026-03-16T15:04:09","modified_gmt":"2026-03-16T13:04:09","slug":"aprikoosi-apelsini-kupsised","status":"publish","type":"product","link":"https:\/\/eliise-pastry.ee\/en\/product\/aprikoosi-apelsini-kupsised\/","title":{"rendered":"Aprikoosi-apelsini k\u00fcpsised"},"content":{"rendered":"<p>Puuviljase tooniga k\u00e4sit\u00f6\u00f6k\u00fcpsised. Aprikoos tagab paraja maheduse ning apelsin pakub rohkem hapukat aksenti.<\/p>\n<p><em>Koostis: Aprikoos, apelsinikoor ja -mahl, v\u00f5i, pruun suhkur, munad, vaniljesuhkur, munad, jahu, k\u00fcpsetuspulber<\/em><\/p>","protected":false},"excerpt":{"rendered":"<p>Puuviljase tooniga k\u00e4sit\u00f6\u00f6k\u00fcpsised. Aprikoos tagab paraja maheduse ning apelsin pakub rohkem hapukat aksenti. Koostis: Aprikoos, apelsinikoor ja -mahl, v\u00f5i, pruun suhkur, munad, vaniljesuhkur, munad, jahu, k\u00fcpsetuspulber<\/p>","protected":false},"featured_media":2442,"template":"","meta":[],"product_brand":[],"product_cat":[32],"product_tag":[],"class_list":{"0":"post-2502","1":"product","2":"type-product","3":"status-publish","4":"has-post-thumbnail","6":"product_cat-kasitookupsised","8":"first","9":"instock","10":"taxable","11":"shipping-taxable","12":"purchasable","13":"product-type-simple"},"_links":{"self":[{"href":"https:\/\/eliise-pastry.ee\/en\/wp-json\/wp\/v2\/product\/2502","targetHints":{"allow":["GET"]}}],"collection":[{"href":"https:\/\/eliise-pastry.ee\/en\/wp-json\/wp\/v2\/product"}],"about":[{"href":"https:\/\/eliise-pastry.ee\/en\/wp-json\/wp\/v2\/types\/product"}],"wp:featuredmedia":[{"embeddable":true,"href":"https:\/\/eliise-pastry.ee\/en\/wp-json\/wp\/v2\/media\/2442"}],"wp:attachment":[{"href":"https:\/\/eliise-pastry.ee\/en\/wp-json\/wp\/v2\/media?parent=2502"}],"wp:term":[{"taxonomy":"product_brand","embeddable":true,"href":"https:\/\/eliise-pastry.ee\/en\/wp-json\/wp\/v2\/product_brand?post=2502"},{"taxonomy":"product_cat","embeddable":true,"href":"https:\/\/eliise-pastry.ee\/en\/wp-json\/wp\/v2\/product_cat?post=2502"},{"taxonomy":"product_tag","embeddable":true,"href":"https:\/\/eliise-pastry.ee\/en\/wp-json\/wp\/v2\/product_tag?post=2502"}],"curies":[{"name":"wp","href":"https:\/\/api.w.org\/{rel}","templated":true}]}}