{"id":2670,"date":"2025-10-17T11:12:24","date_gmt":"2025-10-17T11:12:24","guid":{"rendered":"https:\/\/eliise-pastry.ee\/?post_type=product&#038;p=2670"},"modified":"2026-04-10T18:01:02","modified_gmt":"2026-04-10T16:01:02","slug":"rosina-sokolaadikringel","status":"publish","type":"product","link":"https:\/\/eliise-pastry.ee\/en\/product\/rosina-sokolaadikringel\/","title":{"rendered":"Rosina-\u0161okolaadikringel"},"content":{"rendered":"<p>T\u00f5eline kringliklassika, mille oleme k\u00fcllastanud rohke \u0161okolaadiga pealt ning rosina-kaneeli t\u00e4idisega seest. Rammus ja s\u00f5ltuvust tekitav kringel!<\/p>\n<p><em>Koostis: toorjuust, v\u00f5i, kaneel, suhkur, rosinad, tume \u0161okolaad, vahukoor, r\u00f6stitud maap\u00e4hklid\u00a0<\/em><\/p>","protected":false},"excerpt":{"rendered":"<p>T\u00f5eline kringliklassika, mille oleme k\u00fcllastanud rohke \u0161okolaadiga pealt ning rosina-kaneeli t\u00e4idisega seest. Rammus ja s\u00f5ltuvust tekitav kringel! Koostis: toorjuust, v\u00f5i, kaneel, suhkur, rosinad, tume \u0161okolaad, vahukoor, r\u00f6stitud maap\u00e4hklid\u00a0<\/p>","protected":false},"featured_media":2693,"template":"","meta":[],"product_brand":[],"product_cat":[33],"product_tag":[],"class_list":{"0":"post-2670","1":"product","2":"type-product","3":"status-publish","4":"has-post-thumbnail","6":"product_cat-kringlid","8":"first","9":"instock","10":"taxable","11":"shipping-taxable","12":"purchasable","13":"product-type-variable","14":"has-default-attributes"},"_links":{"self":[{"href":"https:\/\/eliise-pastry.ee\/en\/wp-json\/wp\/v2\/product\/2670","targetHints":{"allow":["GET"]}}],"collection":[{"href":"https:\/\/eliise-pastry.ee\/en\/wp-json\/wp\/v2\/product"}],"about":[{"href":"https:\/\/eliise-pastry.ee\/en\/wp-json\/wp\/v2\/types\/product"}],"wp:featuredmedia":[{"embeddable":true,"href":"https:\/\/eliise-pastry.ee\/en\/wp-json\/wp\/v2\/media\/2693"}],"wp:attachment":[{"href":"https:\/\/eliise-pastry.ee\/en\/wp-json\/wp\/v2\/media?parent=2670"}],"wp:term":[{"taxonomy":"product_brand","embeddable":true,"href":"https:\/\/eliise-pastry.ee\/en\/wp-json\/wp\/v2\/product_brand?post=2670"},{"taxonomy":"product_cat","embeddable":true,"href":"https:\/\/eliise-pastry.ee\/en\/wp-json\/wp\/v2\/product_cat?post=2670"},{"taxonomy":"product_tag","embeddable":true,"href":"https:\/\/eliise-pastry.ee\/en\/wp-json\/wp\/v2\/product_tag?post=2670"}],"curies":[{"name":"wp","href":"https:\/\/api.w.org\/{rel}","templated":true}]}}