{"id":2696,"date":"2025-10-17T11:19:33","date_gmt":"2025-10-17T11:19:33","guid":{"rendered":"https:\/\/eliise-pastry.ee\/?post_type=product&#038;p=2696"},"modified":"2026-04-10T18:01:02","modified_gmt":"2026-04-10T16:01:02","slug":"ouna-karamellikringel","status":"publish","type":"product","link":"https:\/\/eliise-pastry.ee\/en\/product\/ouna-karamellikringel\/","title":{"rendered":"Pohla-\u00f5unakringel karamelliga"},"content":{"rendered":"<p>Kringel hapukama t\u00e4idisega, mida tasakaalustab magusam karamell pealt. Mahlane elamus k\u00f5igile puuvilja ja \u00f5unte s\u00f5pradele<\/p>\n<p><em>Koostis: pohlad, \u00f5unad, kaneel, suhkur, toorjuust, v\u00f5i, vahukoor, sool, r\u00f6stitud maap\u00e4hklid<\/em><\/p>","protected":false},"excerpt":{"rendered":"<p>Kringel hapukama t\u00e4idisega, mida tasakaalustab magusam karamell pealt. Mahlane elamus k\u00f5igile puuvilja ja \u00f5unte s\u00f5pradele Koostis: pohlad, \u00f5unad, kaneel, suhkur, toorjuust, v\u00f5i, vahukoor, sool, r\u00f6stitud maap\u00e4hklid<\/p>","protected":false},"featured_media":2690,"template":"","meta":[],"product_brand":[],"product_cat":[33],"product_tag":[],"class_list":{"0":"post-2696","1":"product","2":"type-product","3":"status-publish","4":"has-post-thumbnail","6":"product_cat-kringlid","8":"first","9":"instock","10":"taxable","11":"shipping-taxable","12":"purchasable","13":"product-type-variable","14":"has-default-attributes"},"_links":{"self":[{"href":"https:\/\/eliise-pastry.ee\/en\/wp-json\/wp\/v2\/product\/2696","targetHints":{"allow":["GET"]}}],"collection":[{"href":"https:\/\/eliise-pastry.ee\/en\/wp-json\/wp\/v2\/product"}],"about":[{"href":"https:\/\/eliise-pastry.ee\/en\/wp-json\/wp\/v2\/types\/product"}],"wp:featuredmedia":[{"embeddable":true,"href":"https:\/\/eliise-pastry.ee\/en\/wp-json\/wp\/v2\/media\/2690"}],"wp:attachment":[{"href":"https:\/\/eliise-pastry.ee\/en\/wp-json\/wp\/v2\/media?parent=2696"}],"wp:term":[{"taxonomy":"product_brand","embeddable":true,"href":"https:\/\/eliise-pastry.ee\/en\/wp-json\/wp\/v2\/product_brand?post=2696"},{"taxonomy":"product_cat","embeddable":true,"href":"https:\/\/eliise-pastry.ee\/en\/wp-json\/wp\/v2\/product_cat?post=2696"},{"taxonomy":"product_tag","embeddable":true,"href":"https:\/\/eliise-pastry.ee\/en\/wp-json\/wp\/v2\/product_tag?post=2696"}],"curies":[{"name":"wp","href":"https:\/\/api.w.org\/{rel}","templated":true}]}}