{"id":2704,"date":"2025-10-17T11:23:53","date_gmt":"2025-10-17T11:23:53","guid":{"rendered":"https:\/\/eliise-pastry.ee\/?post_type=product&#038;p=2704"},"modified":"2026-04-10T18:01:02","modified_gmt":"2026-04-10T16:01:02","slug":"sokolaadi-kirsitort","status":"publish","type":"product","link":"https:\/\/eliise-pastry.ee\/en\/product\/sokolaadi-kirsitort\/","title":{"rendered":"\u0160okolaadi-kirsitort"},"content":{"rendered":"<p>\u0161okolaadi-kirsitort pakub eelk\u00f5ige \u0161okolaadist elamust, mida t\u00e4iendavad nii kirsid kui ka kirsilik\u00f6\u00f6riga immutatud biskviit, mis annab tordile suurep\u00e4rase magusa ja hapukuse koosluse, kergelt m\u00f5ruda alatooniga.<\/p>\n<p><em>Fotol on suurim 2 kg tort, v\u00e4iksemate tortide proportsioonid v\u00f5ivad pisut erineda.<\/em><\/p>","protected":false},"excerpt":{"rendered":"<p>\u0161okolaadi-kirsitort pakub eelk\u00f5ige \u0161okolaadist elamust, mida t\u00e4iendavad nii kirsid kui ka kirsilik\u00f6\u00f6riga immutatud biskviit, mis annab tordile suurep\u00e4rase magusa ja hapukuse koosluse, kergelt m\u00f5ruda alatooniga. Fotol on suurim 2 kg tort, v\u00e4iksemate tortide proportsioonid v\u00f5ivad pisut erineda.<\/p>","protected":false},"featured_media":2466,"template":"","meta":[],"product_brand":[],"product_cat":[31],"product_tag":[],"class_list":{"0":"post-2704","1":"product","2":"type-product","3":"status-publish","4":"has-post-thumbnail","6":"product_cat-saiakesed","8":"first","9":"instock","10":"taxable","11":"shipping-taxable","12":"purchasable","13":"product-type-variable"},"_links":{"self":[{"href":"https:\/\/eliise-pastry.ee\/en\/wp-json\/wp\/v2\/product\/2704","targetHints":{"allow":["GET"]}}],"collection":[{"href":"https:\/\/eliise-pastry.ee\/en\/wp-json\/wp\/v2\/product"}],"about":[{"href":"https:\/\/eliise-pastry.ee\/en\/wp-json\/wp\/v2\/types\/product"}],"wp:featuredmedia":[{"embeddable":true,"href":"https:\/\/eliise-pastry.ee\/en\/wp-json\/wp\/v2\/media\/2466"}],"wp:attachment":[{"href":"https:\/\/eliise-pastry.ee\/en\/wp-json\/wp\/v2\/media?parent=2704"}],"wp:term":[{"taxonomy":"product_brand","embeddable":true,"href":"https:\/\/eliise-pastry.ee\/en\/wp-json\/wp\/v2\/product_brand?post=2704"},{"taxonomy":"product_cat","embeddable":true,"href":"https:\/\/eliise-pastry.ee\/en\/wp-json\/wp\/v2\/product_cat?post=2704"},{"taxonomy":"product_tag","embeddable":true,"href":"https:\/\/eliise-pastry.ee\/en\/wp-json\/wp\/v2\/product_tag?post=2704"}],"curies":[{"name":"wp","href":"https:\/\/api.w.org\/{rel}","templated":true}]}}