{"id":2706,"date":"2025-10-17T11:29:46","date_gmt":"2025-10-17T11:29:46","guid":{"rendered":"https:\/\/eliise-pastry.ee\/?post_type=product&#038;p=2706"},"modified":"2026-04-10T18:01:02","modified_gmt":"2026-04-10T16:01:02","slug":"toorjuustu-kohupiima-marjatort","status":"publish","type":"product","link":"https:\/\/eliise-pastry.ee\/en\/product\/toorjuustu-kohupiima-marjatort\/","title":{"rendered":"Toorjuustu-kohupiima marjatort"},"content":{"rendered":"<p>M\u00f5nusalt mahe ja parajalt magus klassikaline tort, mis on k\u00fclgedelt kaunistatud mandlilaastudega ja kaetud ohtrate marjade ning maasikatega.<\/p>\n<p><em>Koostis: muna, suhkur, nisujahu, k\u00fcpsetuspulber, marjap\u00fcree, toorjuust, vaniljesuhkur, valge \u0161okolaad, vahukoor, kohupiim, \u017eelatiin, sidrunikoor ja -mahl, r\u00f6stitud mandlilaastud, maasikad, mustikad, vaarikad, k\u00fclmkuivatatud vaarikad, piparm\u00fcndi lehed. Fotol on suurim, 2kg tort. V\u00e4iksemate tortide proportsioonid v\u00f5ivad pisut erineda.<\/em><\/p>","protected":false},"excerpt":{"rendered":"<p>M\u00f5nusalt mahe ja parajalt magus klassikaline tort, mis on k\u00fclgedelt kaunistatud mandlilaastudega ja kaetud ohtrate marjade ning maasikatega. Koostis: muna, suhkur, nisujahu, k\u00fcpsetuspulber, marjap\u00fcree, toorjuust, vaniljesuhkur, valge \u0161okolaad, vahukoor, kohupiim, \u017eelatiin, sidrunikoor ja -mahl, r\u00f6stitud mandlilaastud, maasikad, mustikad, vaarikad, k\u00fclmkuivatatud vaarikad, piparm\u00fcndi lehed. Fotol on suurim, 2kg tort. V\u00e4iksemate tortide proportsioonid v\u00f5ivad pisut erineda.<\/p>","protected":false},"featured_media":2687,"template":"","meta":[],"product_brand":[],"product_cat":[34],"product_tag":[],"class_list":{"0":"post-2706","1":"product","2":"type-product","3":"status-publish","4":"has-post-thumbnail","6":"product_cat-tordid","7":"pa_kaal-1-kg","8":"pa_kaal-15-kg","9":"pa_kaal-2-kg","11":"first","12":"instock","13":"taxable","14":"shipping-taxable","15":"purchasable","16":"product-type-variable"},"_links":{"self":[{"href":"https:\/\/eliise-pastry.ee\/en\/wp-json\/wp\/v2\/product\/2706","targetHints":{"allow":["GET"]}}],"collection":[{"href":"https:\/\/eliise-pastry.ee\/en\/wp-json\/wp\/v2\/product"}],"about":[{"href":"https:\/\/eliise-pastry.ee\/en\/wp-json\/wp\/v2\/types\/product"}],"wp:featuredmedia":[{"embeddable":true,"href":"https:\/\/eliise-pastry.ee\/en\/wp-json\/wp\/v2\/media\/2687"}],"wp:attachment":[{"href":"https:\/\/eliise-pastry.ee\/en\/wp-json\/wp\/v2\/media?parent=2706"}],"wp:term":[{"taxonomy":"product_brand","embeddable":true,"href":"https:\/\/eliise-pastry.ee\/en\/wp-json\/wp\/v2\/product_brand?post=2706"},{"taxonomy":"product_cat","embeddable":true,"href":"https:\/\/eliise-pastry.ee\/en\/wp-json\/wp\/v2\/product_cat?post=2706"},{"taxonomy":"product_tag","embeddable":true,"href":"https:\/\/eliise-pastry.ee\/en\/wp-json\/wp\/v2\/product_tag?post=2706"}],"curies":[{"name":"wp","href":"https:\/\/api.w.org\/{rel}","templated":true}]}}