{"id":3953,"date":"2026-02-03T13:03:28","date_gmt":"2026-02-03T11:03:28","guid":{"rendered":"https:\/\/eliise-pastry.ee\/?post_type=product&#038;p=3953"},"modified":"2026-03-16T15:02:09","modified_gmt":"2026-03-16T13:02:09","slug":"kirsi-sokolaadikoogike","status":"publish","type":"product","link":"https:\/\/eliise-pastry.ee\/en\/product\/kirsi-sokolaadikoogike\/","title":{"rendered":"Kirsi-\u0161okolaadikoogike"},"content":{"rendered":"<p>V\u00e4hendatud variant meie suurest \u0161okolaadi-kirsi tordist. Hea viis s\u00f5pru v\u00f5i pere \u00fcllatada. Kaal umbes 170 g.<\/p>","protected":false},"excerpt":{"rendered":"<p>V\u00e4hendatud variant meie suurest \u0161okolaadi-kirsi tordist. Hea viis s\u00f5pru v\u00f5i pere \u00fcllatada. Kaal umbes 170 g.<\/p>","protected":false},"featured_media":3954,"template":"","meta":[],"product_brand":[],"product_cat":[29],"product_tag":[],"class_list":{"0":"post-3953","1":"product","2":"type-product","3":"status-publish","4":"has-post-thumbnail","6":"product_cat-uncategorized","8":"first","9":"instock","10":"taxable","11":"shipping-taxable","12":"purchasable","13":"product-type-simple"},"_links":{"self":[{"href":"https:\/\/eliise-pastry.ee\/en\/wp-json\/wp\/v2\/product\/3953","targetHints":{"allow":["GET"]}}],"collection":[{"href":"https:\/\/eliise-pastry.ee\/en\/wp-json\/wp\/v2\/product"}],"about":[{"href":"https:\/\/eliise-pastry.ee\/en\/wp-json\/wp\/v2\/types\/product"}],"wp:featuredmedia":[{"embeddable":true,"href":"https:\/\/eliise-pastry.ee\/en\/wp-json\/wp\/v2\/media\/3954"}],"wp:attachment":[{"href":"https:\/\/eliise-pastry.ee\/en\/wp-json\/wp\/v2\/media?parent=3953"}],"wp:term":[{"taxonomy":"product_brand","embeddable":true,"href":"https:\/\/eliise-pastry.ee\/en\/wp-json\/wp\/v2\/product_brand?post=3953"},{"taxonomy":"product_cat","embeddable":true,"href":"https:\/\/eliise-pastry.ee\/en\/wp-json\/wp\/v2\/product_cat?post=3953"},{"taxonomy":"product_tag","embeddable":true,"href":"https:\/\/eliise-pastry.ee\/en\/wp-json\/wp\/v2\/product_tag?post=3953"}],"curies":[{"name":"wp","href":"https:\/\/api.w.org\/{rel}","templated":true}]}}