{"id":3970,"date":"2026-02-09T11:23:05","date_gmt":"2026-02-09T09:23:05","guid":{"rendered":"https:\/\/eliise-pastry.ee\/?post_type=product&#038;p=3970"},"modified":"2026-03-16T15:01:28","modified_gmt":"2026-03-16T13:01:28","slug":"koogivilja-pirukas","status":"publish","type":"product","link":"https:\/\/eliise-pastry.ee\/en\/product\/koogivilja-pirukas\/","title":{"rendered":"K\u00f6\u00f6givilja pirukas"},"content":{"rendered":"<p>Mahlane suut\u00e4is, milless puudub igasugune liha. Erinev k\u00f6\u00f6givilja kooslus pakub omap\u00e4rase elamuse.<\/p>\n<p><em>Koostis: porgand,porru, paprika, suvik\u00f5rvits, roheline sibul, sool, pipar<\/em><\/p>\n<p>&nbsp;<\/p>","protected":false},"excerpt":{"rendered":"<p>Mahlane suut\u00e4is, milless puudub igasugune liha. Erinev k\u00f6\u00f6givilja kooslus pakub omap\u00e4rase elamuse. Koostis: porgand,porru, paprika, suvik\u00f5rvits, roheline sibul, sool, pipar &nbsp;<\/p>","protected":false},"featured_media":3963,"template":"","meta":[],"product_brand":[],"product_cat":[29],"product_tag":[],"class_list":{"0":"post-3970","1":"product","2":"type-product","3":"status-publish","4":"has-post-thumbnail","6":"product_cat-uncategorized","8":"first","9":"instock","10":"taxable","11":"shipping-taxable","12":"purchasable","13":"product-type-simple"},"_links":{"self":[{"href":"https:\/\/eliise-pastry.ee\/en\/wp-json\/wp\/v2\/product\/3970","targetHints":{"allow":["GET"]}}],"collection":[{"href":"https:\/\/eliise-pastry.ee\/en\/wp-json\/wp\/v2\/product"}],"about":[{"href":"https:\/\/eliise-pastry.ee\/en\/wp-json\/wp\/v2\/types\/product"}],"wp:featuredmedia":[{"embeddable":true,"href":"https:\/\/eliise-pastry.ee\/en\/wp-json\/wp\/v2\/media\/3963"}],"wp:attachment":[{"href":"https:\/\/eliise-pastry.ee\/en\/wp-json\/wp\/v2\/media?parent=3970"}],"wp:term":[{"taxonomy":"product_brand","embeddable":true,"href":"https:\/\/eliise-pastry.ee\/en\/wp-json\/wp\/v2\/product_brand?post=3970"},{"taxonomy":"product_cat","embeddable":true,"href":"https:\/\/eliise-pastry.ee\/en\/wp-json\/wp\/v2\/product_cat?post=3970"},{"taxonomy":"product_tag","embeddable":true,"href":"https:\/\/eliise-pastry.ee\/en\/wp-json\/wp\/v2\/product_tag?post=3970"}],"curies":[{"name":"wp","href":"https:\/\/api.w.org\/{rel}","templated":true}]}}